{"id":575,"date":"2015-07-17T12:56:03","date_gmt":"2015-07-17T11:56:03","guid":{"rendered":"http:\/\/officepower.nl\/?page_id=575"},"modified":"2025-06-17T10:34:50","modified_gmt":"2025-06-17T09:34:50","slug":"home-2","status":"publish","type":"page","link":"https:\/\/officepower.nl\/","title":{"rendered":"Home"},"content":{"rendered":"<div class=\"wpb-content-wrapper\"><p>[vc_row][vc_column width=&#8221;2\/3&#8243;][vc_column_text]<span style=\"font-family: Helvetica; font-size: 14pt;\"><strong>Al uw printzaken onder \u00e9\u00e9n dak<\/strong><\/span><\/p>\n<p><span style=\"font-family: Helvetica;\">Van A tot Z uw printzaken geregeld hebben bij \u00e9\u00e9n partij hoe makkelijk is dat? <\/span><\/p>\n<p><span style=\"font-family: Helvetica;\">Wij regelen alles voor u van papierstoring, toner bestellingen tot het leveren van nieuwe print apparatuur.<\/span><\/p>\n<p><span style=\"font-family: Helvetica;\">Dit alles doen wij uit het oogpunt van maatschappelijk verantwoord ondernemen. Ons streven is om zoveel mogelijk uit uw huidige printer(s) te halen. Hiermee wordt aanzienlijk op CO2 uitstoot bespaart en tevens haalt u het maximale uit uw investering.<\/span>[\/vc_column_text][\/vc_column][vc_column width=&#8221;1\/3&#8243;][vc_single_image image=&#8221;1122&#8243; img_size=&#8221;full&#8221; alignment=&#8221;center&#8221; css=&#8221;&#8221;][\/vc_column][\/vc_row][vc_row css=&#8221;.vc_custom_1638183299510{margin-top: 40px !important;}&#8221;][vc_column width=&#8221;1\/4&#8243; css=&#8221;.vc_custom_1637935180103{margin-left: -5px !important;border-top-width: 1px !important;border-right-width: 1px !important;border-bottom-width: 1px !important;border-left-width: 1px !important;background-color: #ffffff !important;border-left-color: #bfbfbf !important;border-left-style: solid !important;border-right-color: #bfbfbf !important;border-right-style: solid !important;border-top-color: #bfbfbf !important;border-top-style: solid !important;border-bottom-color: #bfbfbf !important;border-bottom-style: solid !important;}&#8221;][vc_single_image image=&#8221;1371&#8243; img_size=&#8221;full&#8221; css=&#8221;.vc_custom_1637930146347{margin-top: -35px !important;margin-right: -15px !important;margin-left: -15px !important;}&#8221;][vc_column_text css=&#8221;.vc_custom_1637916436742{margin-top: -20px !important;background-color: #ffffff !important;}&#8221;]<\/p>\n<h5 style=\"text-align: center;\"><span style=\"color: #000000;\"><strong><span style=\"font-family: Helvetica;\">Printer reparatie en onderhoud<\/span><\/strong><\/span><\/h5>\n<p>[\/vc_column_text][vc_column_text css=&#8221;.vc_custom_1637916461099{margin-top: -25px !important;padding-left: 10px !important;background-color: #ffffff !important;}&#8221;]<span style=\"font-family: Helvetica; color: #000000;\">Met onze divisie <a href=\"http:\/\/www.deprintermonteur.nl\">dePrintermonteur.nl<\/a> verzorgen wij onderhoud en reparatie aan printers.<\/span>[\/vc_column_text][vc_btn title=&#8221;Meer informatie&#8221; align=&#8221;center&#8221; link=&#8221;url:https%3A%2F%2Fdeprintermonteur.nl%2F||target:%20_blank|&#8221;][\/vc_column][vc_column width=&#8221;1\/4&#8243; css=&#8221;.vc_custom_1637925038610{margin-left: 0px !important;border-top-width: 1px !important;border-right-width: 1px !important;border-bottom-width: 1px !important;border-left-width: 1px !important;border-left-color: #bfbfbf !important;border-left-style: solid !important;border-right-color: #bfbfbf !important;border-right-style: solid !important;border-top-color: #bfbfbf !important;border-top-style: solid !important;border-bottom-color: #bfbfbf !important;border-bottom-style: solid !important;}&#8221;][vc_single_image image=&#8221;1387&#8243; img_size=&#8221;full&#8221; css=&#8221;.vc_custom_1637930123732{margin-top: -35px !important;margin-right: -15px !important;margin-left: -15px !important;}&#8221;][vc_column_text css=&#8221;.vc_custom_1637921184701{margin-top: -20px !important;background-color: #ffffff !important;}&#8221;]<\/p>\n<h5 style=\"text-align: center;\"><span style=\"color: #000000;\"><strong><span style=\"font-family: Helvetica;\">Nieuwe print apparatuur<\/span><\/strong><\/span><\/h5>\n<p>[\/vc_column_text][vc_column_text css=&#8221;.vc_custom_1637921355208{margin-top: -25px !important;padding-left: 10px !important;background-color: #ffffff !important;}&#8221;]<span style=\"color: #000000; font-family: Helvetica;\">Wanneer reparatie niet meer mogelijk is adviseren wij u graag omtrent de juiste printer op de juiste plek.<\/span>[\/vc_column_text][vc_btn title=&#8221;Meer informatie&#8221; align=&#8221;center&#8221; link=&#8221;url:https%3A%2F%2Fofficepower.nl%2F%3Fpage_id%3D1524|title:Nieuwe%20print%20apparatuur||&#8221;][\/vc_column][vc_column width=&#8221;1\/4&#8243; css=&#8221;.vc_custom_1637925012074{margin-left: 6px !important;border-top-width: 1px !important;border-right-width: 1px !important;border-bottom-width: 1px !important;border-left-width: 1px !important;border-left-color: #bfbfbf !important;border-left-style: solid !important;border-right-color: #bfbfbf !important;border-right-style: solid !important;border-top-color: #bfbfbf !important;border-top-style: solid !important;border-bottom-color: #bfbfbf !important;border-bottom-style: solid !important;}&#8221;][vc_single_image image=&#8221;1401&#8243; img_size=&#8221;full&#8221; css=&#8221;.vc_custom_1637930105520{margin-top: -35px !important;margin-right: -15px !important;margin-left: -15px !important;}&#8221;][vc_column_text css=&#8221;.vc_custom_1637925082347{margin-top: -20px !important;background-color: #ffffff !important;}&#8221;]<\/p>\n<h5 style=\"text-align: center;\"><span style=\"color: #000000;\"><strong><span style=\"font-family: Helvetica;\">Tonercartridge webshop<\/span><\/strong><\/span><\/h5>\n<p>[\/vc_column_text][vc_column_text css=&#8221;.vc_custom_1637925132010{margin-top: -25px !important;padding-left: 10px !important;background-color: #ffffff !important;}&#8221;]<span style=\"color: #000000; font-family: Helvetica;\">Op onze webshop kunt u terecht voor onze <strong>huismerk<\/strong> tonercartridges.<\/span>[\/vc_column_text][vc_empty_space height=&#8221;26px&#8221;][vc_btn title=&#8221;Meer informatie&#8221; align=&#8221;center&#8221; link=&#8221;url:https%3A%2F%2Fdeprintermonteur.nl%2Ftoners%2F||target:%20_blank|&#8221;][\/vc_column][vc_column width=&#8221;1\/4&#8243; css=&#8221;.vc_custom_1637929587995{margin-left: 10px !important;border-top-width: 1px !important;border-right-width: 1px !important;border-bottom-width: 1px !important;border-left-width: 1px !important;border-left-color: #bfbfbf !important;border-left-style: solid !important;border-right-color: #bfbfbf !important;border-right-style: solid !important;border-top-color: #bfbfbf !important;border-top-style: solid !important;border-bottom-color: #bfbfbf !important;border-bottom-style: solid !important;}&#8221;][vc_single_image image=&#8221;1415&#8243; img_size=&#8221;full&#8221; css=&#8221;.vc_custom_1637930068805{margin-top: -35px !important;margin-right: -15px !important;margin-left: -15px !important;}&#8221;][vc_column_text css=&#8221;.vc_custom_1637929623708{margin-top: -20px !important;background-color: #ffffff !important;}&#8221;]<\/p>\n<h5 style=\"text-align: center;\"><span style=\"color: #000000;\"><strong><span style=\"font-family: Helvetica;\">Designjet reparatie en onderhoud<\/span><\/strong><\/span><\/h5>\n<p>[\/vc_column_text][vc_column_text css=&#8221;.vc_custom_1637929822435{margin-top: -25px !important;padding-left: 10px !important;background-color: #ffffff !important;}&#8221;]<span style=\"font-family: Helvetica; color: #000000;\">Met onze divisie <a href=\"http:\/\/www.deplottermonteur.nl\">dePlottermonteur.nl<\/a> verzorgen wij onderhoud en reparatie aan plotters.<\/span>[\/vc_column_text][vc_btn title=&#8221;Meer informatie&#8221; align=&#8221;center&#8221; css=&#8221;.vc_custom_1638191354894{margin-top: -1px !important;}&#8221; link=&#8221;url:https%3A%2F%2Fdeplottermonteur.nl||target:%20_blank|&#8221;][\/vc_column][\/vc_row]<\/p>\n<\/div>","protected":false},"excerpt":{"rendered":"<p>[vc_row][vc_column width=&#8221;2\/3&#8243;][vc_column_text]Al uw printzaken onder \u00e9\u00e9n dak Van A tot Z uw printzaken geregeld hebben bij \u00e9\u00e9n partij hoe makkelijk is dat? Wij regelen alles voor u van papierstoring, toner bestellingen tot het leveren van nieuwe print apparatuur. Dit alles doen wij uit het oogpunt van maatschappelijk verantwoord ondernemen. Ons streven is om zoveel mogelijk &#8230; <a title=\"Home\" class=\"read-more\" href=\"https:\/\/officepower.nl\/\" aria-label=\"Lees meer over Home\">Lees verder<\/a><\/p>\n","protected":false},"author":2,"featured_media":0,"parent":0,"menu_order":0,"comment_status":"closed","ping_status":"closed","template":"","meta":{"footnotes":""},"class_list":["post-575","page","type-page","status-publish"],"yoast_head":"<!-- This site is optimized with the Yoast SEO plugin v27.1.1 - https:\/\/yoast.com\/product\/yoast-seo-wordpress\/ -->\n<title>Home - Office-Power - Printerspecialist<\/title>\n<meta name=\"robots\" content=\"index, follow, max-snippet:-1, max-image-preview:large, max-video-preview:-1\" \/>\n<link rel=\"canonical\" href=\"https:\/\/officepower.nl\/\" \/>\n<meta property=\"og:locale\" content=\"nl_NL\" \/>\n<meta property=\"og:type\" content=\"article\" \/>\n<meta property=\"og:title\" content=\"Home - Office-Power - Printerspecialist\" \/>\n<meta property=\"og:description\" content=\"[vc_row][vc_column width=&#8221;2\/3&#8243;][vc_column_text]Al uw printzaken onder \u00e9\u00e9n dak Van A tot Z uw printzaken geregeld hebben bij \u00e9\u00e9n partij hoe makkelijk is dat? Wij regelen alles voor u van papierstoring, toner bestellingen tot het leveren van nieuwe print apparatuur. Dit alles doen wij uit het oogpunt van maatschappelijk verantwoord ondernemen. Ons streven is om zoveel mogelijk ... Lees verder\" \/>\n<meta property=\"og:url\" content=\"https:\/\/officepower.nl\/\" \/>\n<meta property=\"og:site_name\" content=\"Office-Power - Printerspecialist\" \/>\n<meta property=\"article:modified_time\" content=\"2025-06-17T09:34:50+00:00\" \/>\n<meta name=\"twitter:label1\" content=\"Geschatte leestijd\" \/>\n\t<meta name=\"twitter:data1\" content=\"2 minuten\" \/>\n<script type=\"application\/ld+json\" class=\"yoast-schema-graph\">{\"@context\":\"https:\/\/schema.org\",\"@graph\":[{\"@type\":\"WebPage\",\"@id\":\"https:\/\/officepower.nl\/\",\"url\":\"https:\/\/officepower.nl\/\",\"name\":\"Home - Office-Power - Printerspecialist\",\"isPartOf\":{\"@id\":\"https:\/\/officepower.nl\/#website\"},\"datePublished\":\"2015-07-17T11:56:03+00:00\",\"dateModified\":\"2025-06-17T09:34:50+00:00\",\"breadcrumb\":{\"@id\":\"https:\/\/officepower.nl\/#breadcrumb\"},\"inLanguage\":\"nl-NL\",\"potentialAction\":[{\"@type\":\"ReadAction\",\"target\":[\"https:\/\/officepower.nl\/\"]}]},{\"@type\":\"BreadcrumbList\",\"@id\":\"https:\/\/officepower.nl\/#breadcrumb\",\"itemListElement\":[{\"@type\":\"ListItem\",\"position\":1,\"name\":\"Home\",\"item\":\"https:\/\/officepower.nl\/\"},{\"@type\":\"ListItem\",\"position\":2,\"name\":\"Home\"}]},{\"@type\":\"WebSite\",\"@id\":\"https:\/\/officepower.nl\/#website\",\"url\":\"https:\/\/officepower.nl\/\",\"name\":\"Office-Power - Printerspecialist\",\"description\":\"Office-Power - Printerspecialist\",\"publisher\":{\"@id\":\"https:\/\/officepower.nl\/#organization\"},\"potentialAction\":[{\"@type\":\"SearchAction\",\"target\":{\"@type\":\"EntryPoint\",\"urlTemplate\":\"https:\/\/officepower.nl\/?s={search_term_string}\"},\"query-input\":{\"@type\":\"PropertyValueSpecification\",\"valueRequired\":true,\"valueName\":\"search_term_string\"}}],\"inLanguage\":\"nl-NL\"},{\"@type\":\"Organization\",\"@id\":\"https:\/\/officepower.nl\/#organization\",\"name\":\"Office-Power - Printerspecialist\",\"url\":\"https:\/\/officepower.nl\/\",\"logo\":{\"@type\":\"ImageObject\",\"inLanguage\":\"nl-NL\",\"@id\":\"https:\/\/officepower.nl\/#\/schema\/logo\/image\/\",\"url\":\"https:\/\/officepower.nl\/wp\/wp-content\/uploads\/Office-Power-logo.png\",\"contentUrl\":\"https:\/\/officepower.nl\/wp\/wp-content\/uploads\/Office-Power-logo.png\",\"width\":1653,\"height\":292,\"caption\":\"Office-Power - Printerspecialist\"},\"image\":{\"@id\":\"https:\/\/officepower.nl\/#\/schema\/logo\/image\/\"}}]}<\/script>\n<!-- \/ Yoast SEO plugin. -->","yoast_head_json":{"title":"Home - Office-Power - Printerspecialist","robots":{"index":"index","follow":"follow","max-snippet":"max-snippet:-1","max-image-preview":"max-image-preview:large","max-video-preview":"max-video-preview:-1"},"canonical":"https:\/\/officepower.nl\/","og_locale":"nl_NL","og_type":"article","og_title":"Home - Office-Power - Printerspecialist","og_description":"[vc_row][vc_column width=&#8221;2\/3&#8243;][vc_column_text]Al uw printzaken onder \u00e9\u00e9n dak Van A tot Z uw printzaken geregeld hebben bij \u00e9\u00e9n partij hoe makkelijk is dat? Wij regelen alles voor u van papierstoring, toner bestellingen tot het leveren van nieuwe print apparatuur. Dit alles doen wij uit het oogpunt van maatschappelijk verantwoord ondernemen. Ons streven is om zoveel mogelijk ... Lees verder","og_url":"https:\/\/officepower.nl\/","og_site_name":"Office-Power - Printerspecialist","article_modified_time":"2025-06-17T09:34:50+00:00","twitter_misc":{"Geschatte leestijd":"2 minuten"},"schema":{"@context":"https:\/\/schema.org","@graph":[{"@type":"WebPage","@id":"https:\/\/officepower.nl\/","url":"https:\/\/officepower.nl\/","name":"Home - Office-Power - Printerspecialist","isPartOf":{"@id":"https:\/\/officepower.nl\/#website"},"datePublished":"2015-07-17T11:56:03+00:00","dateModified":"2025-06-17T09:34:50+00:00","breadcrumb":{"@id":"https:\/\/officepower.nl\/#breadcrumb"},"inLanguage":"nl-NL","potentialAction":[{"@type":"ReadAction","target":["https:\/\/officepower.nl\/"]}]},{"@type":"BreadcrumbList","@id":"https:\/\/officepower.nl\/#breadcrumb","itemListElement":[{"@type":"ListItem","position":1,"name":"Home","item":"https:\/\/officepower.nl\/"},{"@type":"ListItem","position":2,"name":"Home"}]},{"@type":"WebSite","@id":"https:\/\/officepower.nl\/#website","url":"https:\/\/officepower.nl\/","name":"Office-Power - Printerspecialist","description":"Office-Power - Printerspecialist","publisher":{"@id":"https:\/\/officepower.nl\/#organization"},"potentialAction":[{"@type":"SearchAction","target":{"@type":"EntryPoint","urlTemplate":"https:\/\/officepower.nl\/?s={search_term_string}"},"query-input":{"@type":"PropertyValueSpecification","valueRequired":true,"valueName":"search_term_string"}}],"inLanguage":"nl-NL"},{"@type":"Organization","@id":"https:\/\/officepower.nl\/#organization","name":"Office-Power - Printerspecialist","url":"https:\/\/officepower.nl\/","logo":{"@type":"ImageObject","inLanguage":"nl-NL","@id":"https:\/\/officepower.nl\/#\/schema\/logo\/image\/","url":"https:\/\/officepower.nl\/wp\/wp-content\/uploads\/Office-Power-logo.png","contentUrl":"https:\/\/officepower.nl\/wp\/wp-content\/uploads\/Office-Power-logo.png","width":1653,"height":292,"caption":"Office-Power - Printerspecialist"},"image":{"@id":"https:\/\/officepower.nl\/#\/schema\/logo\/image\/"}}]}},"_links":{"self":[{"href":"https:\/\/officepower.nl\/index.php?rest_route=\/wp\/v2\/pages\/575","targetHints":{"allow":["GET"]}}],"collection":[{"href":"https:\/\/officepower.nl\/index.php?rest_route=\/wp\/v2\/pages"}],"about":[{"href":"https:\/\/officepower.nl\/index.php?rest_route=\/wp\/v2\/types\/page"}],"author":[{"embeddable":true,"href":"https:\/\/officepower.nl\/index.php?rest_route=\/wp\/v2\/users\/2"}],"replies":[{"embeddable":true,"href":"https:\/\/officepower.nl\/index.php?rest_route=%2Fwp%2Fv2%2Fcomments&post=575"}],"version-history":[{"count":332,"href":"https:\/\/officepower.nl\/index.php?rest_route=\/wp\/v2\/pages\/575\/revisions"}],"predecessor-version":[{"id":1564,"href":"https:\/\/officepower.nl\/index.php?rest_route=\/wp\/v2\/pages\/575\/revisions\/1564"}],"wp:attachment":[{"href":"https:\/\/officepower.nl\/index.php?rest_route=%2Fwp%2Fv2%2Fmedia&parent=575"}],"curies":[{"name":"wp","href":"https:\/\/api.w.org\/{rel}","templated":true}]}}